{"id":622,"date":"2017-09-29T23:56:10","date_gmt":"2017-09-29T23:56:10","guid":{"rendered":"https:\/\/fairhof-gmbh.de\/?page_id=622"},"modified":"2026-01-18T19:17:18","modified_gmt":"2026-01-18T18:17:18","slug":"small-business-loans","status":"publish","type":"page","link":"https:\/\/fairhof-gmbh.de\/?page_id=622","title":{"rendered":"Small Business Loans"},"content":{"rendered":"<div class=\"fusion-fullwidth fullwidth-box fusion-builder-row-1 nonhundred-percent-fullwidth non-hundred-percent-height-scrolling\" style=\"background-color: rgba(255,255,255,0);background-position: left top;background-repeat: no-repeat;padding-top:0px;padding-right:0px;padding-bottom:60px;padding-left:0px;margin-bottom: 4%;margin-top: 3%;border-width: 0px 0px 0px 0px;border-color:#eae9e9;border-style:solid;\" ><div class=\"fusion-builder-row fusion-row\"><div class=\"fusion-layout-column fusion_builder_column fusion-builder-column-0 fusion_builder_column_2_5 2_5 fusion-two-fifth fusion-column-first\" style=\"width:37.6%; margin-right: 4%;margin-top:0px;margin-bottom:40px;\"><div class=\"fusion-column-wrapper fusion-flex-column-wrapper-legacy\" style=\"background-position:left top;background-repeat:no-repeat;-webkit-background-size:cover;-moz-background-size:cover;-o-background-size:cover;background-size:cover;padding: 0px 20px 20px 20px;\"><div class=\"fusion-column-content-centered\"><div class=\"fusion-column-content\"><div class=\"fusion-fa-align-left\"><i class=\"fb-icon-element-1 fb-icon-element fontawesome-icon fa-donate fas circle-no\" style=\"font-size:300px;margin-right:150px;\"><\/i><\/div><style>i.fb-icon-element.fontawesome-icon.fb-icon-element-1{ color: #4b75ac;}i.fb-icon-element.fontawesome-icon.fb-icon-element-1:hover { color: #4b75ac;}<\/style><\/div><\/div><div class=\"fusion-clearfix\"><\/div><\/div><\/div><div class=\"fusion-layout-column fusion_builder_column fusion-builder-column-1 fusion_builder_column_3_5 3_5 fusion-three-fifth fusion-column-last\" style=\"width:58.4%;margin-top:0px;margin-bottom:20px;\"><div class=\"fusion-column-wrapper fusion-flex-column-wrapper-legacy\" style=\"background-position:left top;background-repeat:no-repeat;-webkit-background-size:cover;-moz-background-size:cover;-o-background-size:cover;background-size:cover;padding: 0px 2% 2% 2%;\"><div class=\"fusion-column-content-centered\"><div class=\"fusion-column-content\"><div class=\"fusion-text fusion-text-1\"><h2 data-fontsize=\"48\" data-lineheight=\"52.8px\" class=\"fusion-responsive-typography-calculated\" style=\"--fontSize:48; line-height: 1.1;\">Einkaufsoptimierung &amp; Sourcing<\/h2>\n<\/div><div class=\"fusion-sep-clear\"><\/div><div class=\"fusion-separator fusion-clearfix\" style=\"float:left;margin-top:0px;margin-bottom:35px;width:100%;max-width:100px;\"><div class=\"fusion-separator-border sep-single sep-solid\" style=\"border-color:#213d65;border-top-width:2px;\"><\/div><\/div><div class=\"fusion-sep-clear\"><\/div><div class=\"fusion-text fusion-text-2\"><p>Wir bieten Ihnen individuelle L\u00f6sungen. Wir suchen die richtigen Lieferanten oder Partner f\u00fcr ihr Vorhaben. Wir organisieren eine schnelle, zuverl\u00e4ssige und wirtschaftliche Bevorratung und Lieferung von Produkten.<\/p>\n<p>Durch Mengenb\u00fcndelungen und zentrale Einkaufsverhandlungen mit f\u00fchrenden Herstellern profitieren unsere Kunden von attraktiven Konditionen. Als Zwischenh\u00e4ndler \u00fcbernehmen wir Qualit\u00e4ts- und Prozesskontrollen.<\/p>\n<p>Wir sind Ihr Ansprechpartner \u2013 sicher und lokal.<\/p>\n<\/div><div class=\"fusion-sep-clear\"><\/div><div class=\"fusion-separator fusion-full-width-sep\" style=\"margin-left: auto;margin-right: auto;margin-top:20px;width:100%;\"><\/div><div class=\"fusion-sep-clear\"><\/div><div class=\"fusion-button-wrapper\"><style type=\"text\/css\">.fusion-button.button-1 {border-radius:25px;}<\/style><a class=\"fusion-button button-flat fusion-button-default-size button-default button-1 fusion-button-default-span fusion-button-default-type\" target=\"_blank\" rel=\"noopener noreferrer\" href=\"https:\/\/fairhof-gmbh.de\/?page_id=13\"><span class=\"fusion-button-text\">Kontaktieren Sie uns<\/span><\/a><\/div><\/div><\/div><div class=\"fusion-clearfix\"><\/div><\/div><\/div><\/div><\/div>\n","protected":false},"excerpt":{"rendered":"","protected":false},"author":1,"featured_media":0,"parent":9,"menu_order":0,"comment_status":"closed","ping_status":"closed","template":"100-width.php","meta":{"footnotes":""},"class_list":["post-622","page","type-page","status-publish","hentry"],"_links":{"self":[{"href":"https:\/\/fairhof-gmbh.de\/index.php?rest_route=\/wp\/v2\/pages\/622","targetHints":{"allow":["GET"]}}],"collection":[{"href":"https:\/\/fairhof-gmbh.de\/index.php?rest_route=\/wp\/v2\/pages"}],"about":[{"href":"https:\/\/fairhof-gmbh.de\/index.php?rest_route=\/wp\/v2\/types\/page"}],"author":[{"embeddable":true,"href":"https:\/\/fairhof-gmbh.de\/index.php?rest_route=\/wp\/v2\/users\/1"}],"replies":[{"embeddable":true,"href":"https:\/\/fairhof-gmbh.de\/index.php?rest_route=%2Fwp%2Fv2%2Fcomments&post=622"}],"version-history":[{"count":3,"href":"https:\/\/fairhof-gmbh.de\/index.php?rest_route=\/wp\/v2\/pages\/622\/revisions"}],"predecessor-version":[{"id":1135,"href":"https:\/\/fairhof-gmbh.de\/index.php?rest_route=\/wp\/v2\/pages\/622\/revisions\/1135"}],"up":[{"embeddable":true,"href":"https:\/\/fairhof-gmbh.de\/index.php?rest_route=\/wp\/v2\/pages\/9"}],"wp:attachment":[{"href":"https:\/\/fairhof-gmbh.de\/index.php?rest_route=%2Fwp%2Fv2%2Fmedia&parent=622"}],"curies":[{"name":"wp","href":"https:\/\/api.w.org\/{rel}","templated":true}]}}