{"id":6,"date":"2016-08-01T14:50:50","date_gmt":"2016-08-01T14:50:50","guid":{"rendered":"https:\/\/fairhof-gmbh.de\/?page_id=6"},"modified":"2026-01-18T13:37:33","modified_gmt":"2026-01-18T12:37:33","slug":"about","status":"publish","type":"page","link":"https:\/\/fairhof-gmbh.de\/?page_id=6","title":{"rendered":"About"},"content":{"rendered":"<div class=\"fusion-fullwidth fullwidth-box fusion-builder-row-1 nonhundred-percent-fullwidth non-hundred-percent-height-scrolling\" style=\"background-color: rgba(255,255,255,0);background-position: left top;background-repeat: no-repeat;padding-top:0px;padding-right:0px;padding-bottom:50px;padding-left:0px;margin-bottom: 0px;margin-top: 0px;border-width: 0px 0px 0px 0px;border-color:#eae9e9;border-style:solid;\" ><div class=\"fusion-builder-row fusion-row\"><div class=\"fusion-layout-column fusion_builder_column fusion-builder-column-0 fusion_builder_column_1_6 1_6 fusion-one-sixth fusion-column-first fusion-no-small-visibility\" style=\"width:13.3333%; margin-right: 4%;margin-top:0px;margin-bottom:20px;\"><div class=\"fusion-column-wrapper fusion-flex-column-wrapper-legacy\" style=\"background-position:left top;background-repeat:no-repeat;-webkit-background-size:cover;-moz-background-size:cover;-o-background-size:cover;background-size:cover;padding: 0px 0px 0px 0px;\"><div class=\"fusion-clearfix\"><\/div><\/div><\/div><div class=\"fusion-layout-column fusion_builder_column fusion-builder-column-1 fusion_builder_column_2_3 2_3 fusion-two-third\" style=\"width:65.3333%; margin-right: 4%;margin-top:2%;margin-bottom:20px;\"><div class=\"fusion-column-wrapper fusion-flex-column-wrapper-legacy\" style=\"background-position:left top;background-repeat:no-repeat;-webkit-background-size:cover;-moz-background-size:cover;-o-background-size:cover;background-size:cover;padding: 0px 0px 0px 0px;\"><div class=\"fusion-column-content-centered\"><div class=\"fusion-column-content\"><div class=\"fusion-text fusion-text-1\"><h2 class=\"fusion-responsive-typography-calculated\" style=\"text-align: center; --fontsize: 48; line-height: 1.1;\" data-fontsize=\"48\" data-lineheight=\"52.8px\">\u00dcber Fairhof GmbH<\/h2>\n<\/div><div class=\"fusion-sep-clear\"><\/div><div class=\"fusion-separator\" style=\"margin-left: auto;margin-right: auto;margin-top:0px;margin-bottom:50px;width:100%;max-width:100px;\"><div class=\"fusion-separator-border sep-single sep-solid\" style=\"border-color:#213d65;border-top-width:2px;\"><\/div><\/div><div class=\"fusion-sep-clear\"><\/div><div class=\"fusion-text fusion-text-2\"><p>Die Fairhof GmbH wurde 2019 in Neuss gegr\u00fcndet. Seither ist Neuss unser Stammsitz.<\/p>\n<p>Wir m\u00f6chten auch kleinen und mittelst\u00e4ndischen Unternehmen den deutsch-chinesischen Handel erm\u00f6glichen, um von den Vorteilen einer globalen Produktion profitieren zu k\u00f6nnen. Wir glauben daran, dass Handel und Arbeitsteilung zum Vorteil aller ist.<\/p>\n<p>Weltweit vertrauen uns rund 1000 Industrie- und Gewerbekunden aller Branchen. Insbesondere in der Automatisierungstechnik, Eisenbahnindustrie sowie Metallbearbeitung entwickeln und vertreiben unsere rund 20 Mitarbeiter passgenaue Kundenl\u00f6sungen.<\/p>\n<p>Durch perfekt organisierte Zahlungsabwicklung bieten wir unseren Kunden und Lieferanten Effizienz und Sicherheit.<\/p>\n<p>Wir haben Streckenkonditionen mit unseren Vertragslieferanten, die von unseren Kunden genutzt werden. Zus\u00e4tzlich betreiben wir Lagergesch\u00e4ft f\u00fcr schnellere Lieferungen und mehr Wettbewerbsf\u00e4higkeit.<\/p>\n<\/div><\/div><\/div><div class=\"fusion-clearfix\"><\/div><\/div><\/div><div class=\"fusion-layout-column fusion_builder_column fusion-builder-column-2 fusion_builder_column_1_6 1_6 fusion-one-sixth fusion-column-last fusion-no-small-visibility\" style=\"width:13.3333%;margin-top:0px;margin-bottom:20px;\"><div class=\"fusion-column-wrapper fusion-flex-column-wrapper-legacy\" style=\"background-position:left top;background-repeat:no-repeat;-webkit-background-size:cover;-moz-background-size:cover;-o-background-size:cover;background-size:cover;padding: 0px 0px 0px 0px;\"><div class=\"fusion-clearfix\"><\/div><\/div><\/div><\/div><\/div>\n","protected":false},"excerpt":{"rendered":"","protected":false},"author":1,"featured_media":0,"parent":0,"menu_order":0,"comment_status":"closed","ping_status":"closed","template":"100-width.php","meta":{"footnotes":""},"class_list":["post-6","page","type-page","status-publish","hentry"],"_links":{"self":[{"href":"https:\/\/fairhof-gmbh.de\/index.php?rest_route=\/wp\/v2\/pages\/6","targetHints":{"allow":["GET"]}}],"collection":[{"href":"https:\/\/fairhof-gmbh.de\/index.php?rest_route=\/wp\/v2\/pages"}],"about":[{"href":"https:\/\/fairhof-gmbh.de\/index.php?rest_route=\/wp\/v2\/types\/page"}],"author":[{"embeddable":true,"href":"https:\/\/fairhof-gmbh.de\/index.php?rest_route=\/wp\/v2\/users\/1"}],"replies":[{"embeddable":true,"href":"https:\/\/fairhof-gmbh.de\/index.php?rest_route=%2Fwp%2Fv2%2Fcomments&post=6"}],"version-history":[{"count":6,"href":"https:\/\/fairhof-gmbh.de\/index.php?rest_route=\/wp\/v2\/pages\/6\/revisions"}],"predecessor-version":[{"id":1125,"href":"https:\/\/fairhof-gmbh.de\/index.php?rest_route=\/wp\/v2\/pages\/6\/revisions\/1125"}],"wp:attachment":[{"href":"https:\/\/fairhof-gmbh.de\/index.php?rest_route=%2Fwp%2Fv2%2Fmedia&parent=6"}],"curies":[{"name":"wp","href":"https:\/\/api.w.org\/{rel}","templated":true}]}}